{"id":4067,"date":"2023-11-15T17:15:11","date_gmt":"2023-11-15T16:15:11","guid":{"rendered":"https:\/\/kontor-muenchen.com\/jw-immobilien-kontor-munich-copy\/"},"modified":"2025-01-25T18:31:42","modified_gmt":"2025-01-25T17:31:42","slug":"empresa","status":"publish","type":"page","link":"https:\/\/kontor-muenchen.com\/es\/empresa\/","title":{"rendered":"JW Immobilien Kontor Munich"},"content":{"rendered":"\n<style type=\"text\/css\" data-created_by=\"avia_inline_auto\" id=\"style-css-av-jozyy4v3-f8fbc78f1384fcc2672edf8a124132b0\">\n.avia-section.av-jozyy4v3-f8fbc78f1384fcc2672edf8a124132b0{\nbackground-repeat:no-repeat;\nbackground-image:url(https:\/\/kontor-muenchen.com\/wp-content\/uploads\/2018\/11\/hotel-plan.jpg);\nbackground-position:50% 0%;\nbackground-attachment:scroll;\n}\n<\/style>\n<div id='av_section_1'  class='avia-section av-jozyy4v3-f8fbc78f1384fcc2672edf8a124132b0 main_color avia-section-default avia-no-border-styling  avia-builder-el-0  el_before_av_section  avia-builder-el-first  avia-full-stretch avia-bg-style-scroll av-minimum-height av-minimum-height-50  container_wrap sidebar_right'  data-section-bg-repeat='stretch' data-av_minimum_height_pc='50'><div class='container av-section-cont-open' ><main  role=\"main\" itemprop=\"mainContentOfPage\"  class='template-page content  av-content-small alpha units'><div class='post-entry post-entry-type-page post-entry-4067'><div class='entry-content-wrapper clearfix'>\n<\/div><\/div><\/main><!-- close content main element --><\/div><\/div><div id='av_section_2'  class='avia-section av-8nd87a-5874d96cdf73628789382872b78591b2 alternate_color avia-section-large avia-shadow  avia-builder-el-1  el_after_av_section  el_before_av_section  avia-bg-style-scroll container_wrap sidebar_right'  ><div class='container av-section-cont-open' ><div class='template-page content  av-content-small alpha units'><div class='post-entry post-entry-type-page post-entry-4067'><div class='entry-content-wrapper clearfix'>\n<div class='flex_column av-8huotq-cd79fce2f5cb40d63ba16ce6a6be8fea av_two_fifth  avia-builder-el-2  el_before_av_three_fifth  avia-builder-el-first  first flex_column_div '   ><p>\n<style type=\"text\/css\" data-created_by=\"avia_inline_auto\" id=\"style-css-av-mwy3i-02480cb7d8c624caffeb5b1e83dc5b9f\">\n#top .av-special-heading.av-mwy3i-02480cb7d8c624caffeb5b1e83dc5b9f{\nmargin:10px 0 0 0;\npadding-bottom:10px;\n}\nbody .av-special-heading.av-mwy3i-02480cb7d8c624caffeb5b1e83dc5b9f .av-special-heading-tag .heading-char{\nfont-size:25px;\n}\n.av-special-heading.av-mwy3i-02480cb7d8c624caffeb5b1e83dc5b9f .av-subheading{\nfont-size:15px;\n}\n<\/style>\n<div  class='av-special-heading av-mwy3i-02480cb7d8c624caffeb5b1e83dc5b9f av-special-heading-h4 blockquote modern-quote  avia-builder-el-3  el_before_av_hr  avia-builder-el-first  av-linked-heading'><h4 class='av-special-heading-tag'  itemprop=\"headline\"  >Sobre nosotros<\/h4><div class=\"special-heading-border\"><div class=\"special-heading-inner-border\"><\/div><\/div><\/div><br \/>\n\n<style type=\"text\/css\" data-created_by=\"avia_inline_auto\" id=\"style-css-av-jozwj5x2-d74515a73d02612372c88c2d1a7b0171\">\n#top .hr.av-jozwj5x2-d74515a73d02612372c88c2d1a7b0171{\nmargin-top:0px;\nmargin-bottom:30px;\n}\n.hr.av-jozwj5x2-d74515a73d02612372c88c2d1a7b0171 .hr-inner{\nwidth:30px;\nborder-color:#333333;\n}\n<\/style>\n<div  class='hr av-jozwj5x2-d74515a73d02612372c88c2d1a7b0171 hr-custom  avia-builder-el-4  el_after_av_heading  avia-builder-el-last  hr-left hr-icon-no'><span class='hr-inner inner-border-av-border-thin'><span class=\"hr-inner-style\"><\/span><\/span><\/div><\/p><\/div>\n<style type=\"text\/css\" data-created_by=\"avia_inline_auto\" id=\"style-css-av-8huotq-205ba7985a05494727be0059d4a0d2c1\">\n.flex_column.av-8huotq-205ba7985a05494727be0059d4a0d2c1{\nborder-radius:0px 0px 0px 0px;\n-webkit-border-radius:0px 0px 0px 0px;\n-moz-border-radius:0px 0px 0px 0px;\n}\n<\/style>\n<div class='flex_column av-8huotq-205ba7985a05494727be0059d4a0d2c1 av_three_fifth  avia-builder-el-5  el_after_av_two_fifth  avia-builder-el-last  flex_column_div av-zero-column-padding '   ><section  class='av_textblock_section av-jozx2vvm-584402623537838d0192d8449c179c71'  itemscope=\"itemscope\" itemtype=\"https:\/\/schema.org\/CreativeWork\" ><div class='avia_textblock'  itemprop=\"text\" ><p style=\"text-align: left;\">JW Immobilien-Kontor est\u00e1 especializada en servicios para la viabiliadad, la planificaci\u00f3n y la gesti\u00f3n de proyectos de hoteles y complejos tur\u00edsticos. Contamos con una amplia experiencia en la representaci\u00f3n de promotores inmobiliarios privados e institucionales y con 30 a\u00f1os de \u00e9xito en la gesti\u00f3n de proyectos internacionales.<br \/>\nGarantizamos una ejecuci\u00f3n de alta calidad, rentable y puntual de sus proyectos inmobiliarios.<\/p>\n<\/div><\/section><\/div>\n\n<\/div><\/div><\/div><!-- close content main div --><\/div><\/div>\n<style type=\"text\/css\" data-created_by=\"avia_inline_auto\" id=\"style-css-av-8nd87a-e52a801996ad6e2aa0f83c6bee96b264\">\n.avia-section.av-8nd87a-e52a801996ad6e2aa0f83c6bee96b264{\nbackground-color:#efefef;\n}\n<\/style>\n<div id='av_section_3'  class='avia-section av-8nd87a-e52a801996ad6e2aa0f83c6bee96b264 alternate_color avia-section-large avia-no-border-styling  avia-builder-el-7  el_after_av_section  el_before_av_section  avia-bg-style-scroll container_wrap sidebar_right'  ><div class='container av-section-cont-open' ><div class='template-page content  av-content-small alpha units'><div class='post-entry post-entry-type-page post-entry-4067'><div class='entry-content-wrapper clearfix'>\n<div class='flex_column av-8huotq-cd79fce2f5cb40d63ba16ce6a6be8fea av_two_fifth  avia-builder-el-8  el_before_av_three_fifth  avia-builder-el-first  first flex_column_div '   ><p>\n<style type=\"text\/css\" data-created_by=\"avia_inline_auto\" id=\"style-css-av-8p132-b369f35651fe1d705ec3f112d2a68d9f\">\n#top .av-special-heading.av-8p132-b369f35651fe1d705ec3f112d2a68d9f{\nmargin:10px 0 0 0;\npadding-bottom:10px;\n}\nbody .av-special-heading.av-8p132-b369f35651fe1d705ec3f112d2a68d9f .av-special-heading-tag .heading-char{\nfont-size:25px;\n}\n.av-special-heading.av-8p132-b369f35651fe1d705ec3f112d2a68d9f .av-subheading{\nfont-size:15px;\n}\n<\/style>\n<div  class='av-special-heading av-8p132-b369f35651fe1d705ec3f112d2a68d9f av-special-heading-h4 blockquote modern-quote  avia-builder-el-9  el_before_av_hr  avia-builder-el-first  av-linked-heading'><h4 class='av-special-heading-tag'  itemprop=\"headline\"  >Experiencia<\/h4><div class=\"special-heading-border\"><div class=\"special-heading-inner-border\"><\/div><\/div><\/div><br \/>\n\n<style type=\"text\/css\" data-created_by=\"avia_inline_auto\" id=\"style-css-av-jozwj5x2-d74515a73d02612372c88c2d1a7b0171\">\n#top .hr.av-jozwj5x2-d74515a73d02612372c88c2d1a7b0171{\nmargin-top:0px;\nmargin-bottom:30px;\n}\n.hr.av-jozwj5x2-d74515a73d02612372c88c2d1a7b0171 .hr-inner{\nwidth:30px;\nborder-color:#333333;\n}\n<\/style>\n<div  class='hr av-jozwj5x2-d74515a73d02612372c88c2d1a7b0171 hr-custom  avia-builder-el-10  el_after_av_heading  avia-builder-el-last  hr-left hr-icon-no'><span class='hr-inner inner-border-av-border-thin'><span class=\"hr-inner-style\"><\/span><\/span><\/div><\/p><\/div><div class='flex_column av-8huotq-5a4c351c8b7b590d4583ec94f5a5a094 av_three_fifth  avia-builder-el-11  el_after_av_two_fifth  avia-builder-el-last  flex_column_div '   ><section  class='av_textblock_section av-jozx2vvm-584402623537838d0192d8449c179c71'  itemscope=\"itemscope\" itemtype=\"https:\/\/schema.org\/CreativeWork\" ><div class='avia_textblock'  itemprop=\"text\" ><p>Asesoramiento especializado en hoteles y complejos tur\u00edsticos<br \/>\n&#8211; Valoraci\u00f3n y Asesoramiento<br \/>\n&#8211; Planificaci\u00f3n<br \/>\n&#8211; Desarrollo y gesti\u00f3n de proyectos<br \/>\n&#8211; Seguimiento de Obra<\/p>\n<p>Conocimientos y experiencia<br \/>\n&#8211; Experiencia en planificaci\u00f3n, construcci\u00f3n y gesti\u00f3n empresarial<br \/>\n&#8211; Conocimientos especializados en el \u00e1mbito de la construcci\u00f3n sostenible<br \/>\n&#8211; Muchos a\u00f1os de experiencia en el \u00e1mbito hotelero internacional<\/p>\n<p>Gama de servicios multiling\u00fce<br \/>\n&#8211; Espa\u00f1ol<br \/>\n&#8211; Alem\u00e1n<br \/>\n&#8211; Ingl\u00e9s<br \/>\n&#8211; Franc\u00e9s<\/p>\n<\/div><\/section><\/div>\n\n<\/div><\/div><\/div><!-- close content main div --><\/div><\/div>\n<style type=\"text\/css\" data-created_by=\"avia_inline_auto\" id=\"style-css-av-8nd87a-c58c99869e08158c79ee0b929af9c870\">\n.avia-section.av-8nd87a-c58c99869e08158c79ee0b929af9c870{\nbackground-repeat:no-repeat;\nbackground-image:url(https:\/\/kontor-muenchen.com\/wp-content\/uploads\/2018\/11\/c3569ccffd7262e09a9f6a509972e651b82d28b7-lobby.jpeg);\nbackground-position:0% 0%;\nbackground-attachment:scroll;\n}\n<\/style>\n<div id='av_section_4'  class='avia-section av-8nd87a-c58c99869e08158c79ee0b929af9c870 alternate_color avia-section-large avia-no-border-styling  avia-builder-el-13  el_after_av_section  el_before_av_section  avia-full-stretch avia-bg-style-scroll av-minimum-height av-minimum-height-25  container_wrap sidebar_right'  data-section-bg-repeat='stretch' data-av_minimum_height_pc='25'><div class='container av-section-cont-open' ><div class='template-page content  av-content-small alpha units'><div class='post-entry post-entry-type-page post-entry-4067'><div class='entry-content-wrapper clearfix'>\n<\/div><\/div><\/div><!-- close content main div --><\/div><\/div>\n<style type=\"text\/css\" data-created_by=\"avia_inline_auto\" id=\"style-css-av-8nd87a-e52a801996ad6e2aa0f83c6bee96b264\">\n.avia-section.av-8nd87a-e52a801996ad6e2aa0f83c6bee96b264{\nbackground-color:#efefef;\n}\n<\/style>\n<div id='av_section_5'  class='avia-section av-8nd87a-e52a801996ad6e2aa0f83c6bee96b264 alternate_color avia-section-large avia-no-border-styling  avia-builder-el-14  el_after_av_section  el_before_av_section  avia-bg-style-scroll container_wrap sidebar_right'  ><div class='container av-section-cont-open' ><div class='template-page content  av-content-small alpha units'><div class='post-entry post-entry-type-page post-entry-4067'><div class='entry-content-wrapper clearfix'>\n<div class='flex_column av-8huotq-cd79fce2f5cb40d63ba16ce6a6be8fea av_two_fifth  avia-builder-el-15  el_before_av_three_fifth  avia-builder-el-first  first flex_column_div '   ><p>\n<style type=\"text\/css\" data-created_by=\"avia_inline_auto\" id=\"style-css-av-eiew6-5fa2c0ad9fdd162abb5b038ace29de42\">\n#top .av-special-heading.av-eiew6-5fa2c0ad9fdd162abb5b038ace29de42{\nmargin:10px 0px 0px 0px;\npadding-bottom:10px;\n}\nbody .av-special-heading.av-eiew6-5fa2c0ad9fdd162abb5b038ace29de42 .av-special-heading-tag .heading-char{\nfont-size:25px;\n}\n.av-special-heading.av-eiew6-5fa2c0ad9fdd162abb5b038ace29de42 .av-subheading{\nfont-size:15px;\n}\n<\/style>\n<div  class='av-special-heading av-eiew6-5fa2c0ad9fdd162abb5b038ace29de42 av-special-heading-h4 blockquote modern-quote  avia-builder-el-16  el_before_av_hr  avia-builder-el-first  av-linked-heading'><h4 class='av-special-heading-tag'  itemprop=\"headline\"  >Proyectos<\/h4><div class=\"special-heading-border\"><div class=\"special-heading-inner-border\"><\/div><\/div><\/div><br \/>\n\n<style type=\"text\/css\" data-created_by=\"avia_inline_auto\" id=\"style-css-av-jozwj5x2-d74515a73d02612372c88c2d1a7b0171\">\n#top .hr.av-jozwj5x2-d74515a73d02612372c88c2d1a7b0171{\nmargin-top:0px;\nmargin-bottom:30px;\n}\n.hr.av-jozwj5x2-d74515a73d02612372c88c2d1a7b0171 .hr-inner{\nwidth:30px;\nborder-color:#333333;\n}\n<\/style>\n<div  class='hr av-jozwj5x2-d74515a73d02612372c88c2d1a7b0171 hr-custom  avia-builder-el-17  el_after_av_heading  avia-builder-el-last  hr-left hr-icon-no'><span class='hr-inner inner-border-av-border-thin'><span class=\"hr-inner-style\"><\/span><\/span><\/div><\/p><\/div><div class='flex_column av-8huotq-5a4c351c8b7b590d4583ec94f5a5a094 av_three_fifth  avia-builder-el-18  el_after_av_two_fifth  avia-builder-el-last  flex_column_div '   ><section  class='av_textblock_section av-jozx2vvm-584402623537838d0192d8449c179c71'  itemscope=\"itemscope\" itemtype=\"https:\/\/schema.org\/CreativeWork\" ><div class='avia_textblock'  itemprop=\"text\" ><p>Desde su fundaci\u00f3n en 2011, JW Immobilien-Kontor GmbH ha llevado a cabo con \u00e9xito casi 100 proyectos en Europa.<\/p>\n<p>En particular, la actual capacidad multiling\u00fce de nuestra empresa nos permite operar con \u00e9xito en los entornos ingl\u00e9s y franc\u00e9s, adem\u00e1s del \u00e1rea de habla alemana y espanol.<\/p>\n<\/div><\/section><\/div>\n\n<\/div><\/div><\/div><!-- close content main div --><\/div><\/div><div id='av_section_6'  class='avia-section av-8nd87a-5874d96cdf73628789382872b78591b2 alternate_color avia-section-large avia-shadow  avia-builder-el-20  el_after_av_section  el_before_av_section  avia-bg-style-scroll container_wrap sidebar_right'  ><div class='container av-section-cont-open' ><div class='template-page content  av-content-small alpha units'><div class='post-entry post-entry-type-page post-entry-4067'><div class='entry-content-wrapper clearfix'>\n<div class='flex_column av-8huotq-cd79fce2f5cb40d63ba16ce6a6be8fea av_two_fifth  avia-builder-el-21  el_before_av_three_fifth  avia-builder-el-first  first flex_column_div '   ><p>\n<style type=\"text\/css\" data-created_by=\"avia_inline_auto\" id=\"style-css-av-wvfq-be432c33ce857db5829cb9c8b054591d\">\n#top .av-special-heading.av-wvfq-be432c33ce857db5829cb9c8b054591d{\nmargin:10px 0px 0px 0px;\npadding-bottom:10px;\n}\nbody .av-special-heading.av-wvfq-be432c33ce857db5829cb9c8b054591d .av-special-heading-tag .heading-char{\nfont-size:25px;\n}\n.av-special-heading.av-wvfq-be432c33ce857db5829cb9c8b054591d .av-subheading{\nfont-size:15px;\n}\n<\/style>\n<div  class='av-special-heading av-wvfq-be432c33ce857db5829cb9c8b054591d av-special-heading-h4 blockquote modern-quote  avia-builder-el-22  el_before_av_hr  avia-builder-el-first  av-linked-heading'><h4 class='av-special-heading-tag'  itemprop=\"headline\"  >Equipo<\/h4><div class=\"special-heading-border\"><div class=\"special-heading-inner-border\"><\/div><\/div><\/div><br \/>\n\n<style type=\"text\/css\" data-created_by=\"avia_inline_auto\" id=\"style-css-av-jozwj5x2-d74515a73d02612372c88c2d1a7b0171\">\n#top .hr.av-jozwj5x2-d74515a73d02612372c88c2d1a7b0171{\nmargin-top:0px;\nmargin-bottom:30px;\n}\n.hr.av-jozwj5x2-d74515a73d02612372c88c2d1a7b0171 .hr-inner{\nwidth:30px;\nborder-color:#333333;\n}\n<\/style>\n<div  class='hr av-jozwj5x2-d74515a73d02612372c88c2d1a7b0171 hr-custom  avia-builder-el-23  el_after_av_heading  avia-builder-el-last  hr-left hr-icon-no'><span class='hr-inner inner-border-av-border-thin'><span class=\"hr-inner-style\"><\/span><\/span><\/div><\/p><\/div><div class='flex_column av-8huotq-5a4c351c8b7b590d4583ec94f5a5a094 av_three_fifth  avia-builder-el-24  el_after_av_two_fifth  avia-builder-el-last  flex_column_div '   ><section  class='av_textblock_section av-jozx2vvm-584402623537838d0192d8449c179c71'  itemscope=\"itemscope\" itemtype=\"https:\/\/schema.org\/CreativeWork\" ><div class='avia_textblock'  itemprop=\"text\" ><div class=\"grid_8\">\n<p>Nuestro equipo est\u00e1 formado por experimentados gestores de proyectos con sede en Espa\u00f1a, Suiza, Francia y Alemania. Tambi\u00e9n contamos con una amplia red de especialistas hoteleros en el sector de la construcci\u00f3n en Europa.<\/p>\n<\/div>\n<\/div><\/section><\/div>\n\n<\/div><\/div><\/div><!-- close content main div --><\/div><\/div>\n<style type=\"text\/css\" data-created_by=\"avia_inline_auto\" id=\"style-css-av-8nd87a-2d4e4afbd5b8e189fee4931224554ebd\">\n.avia-section.av-8nd87a-2d4e4afbd5b8e189fee4931224554ebd{\nbackground-color:#efefef;\n}\n<\/style>\n<div id='av_section_7'  class='avia-section av-8nd87a-2d4e4afbd5b8e189fee4931224554ebd alternate_color avia-section-large avia-no-shadow  avia-builder-el-26  el_after_av_section  avia-builder-el-last  avia-bg-style-scroll container_wrap sidebar_right'  ><div class='container av-section-cont-open' ><div class='template-page content  av-content-small alpha units'><div class='post-entry post-entry-type-page post-entry-4067'><div class='entry-content-wrapper clearfix'>\n<div class='flex_column av-8huotq-cd79fce2f5cb40d63ba16ce6a6be8fea av_two_fifth  avia-builder-el-27  el_before_av_three_fifth  avia-builder-el-first  first flex_column_div '   ><style type=\"text\/css\" data-created_by=\"avia_inline_auto\" id=\"style-css-av-jozz1z9w-19abd5392209f1d6e52dcd2829f2d0b6\">\n.avia-image-container.av-jozz1z9w-19abd5392209f1d6e52dcd2829f2d0b6 .av-image-caption-overlay-center{\ncolor:#ffffff;\n}\n<\/style>\n<div  class='avia-image-container av-jozz1z9w-19abd5392209f1d6e52dcd2829f2d0b6 av-styling- avia-align-center  avia-builder-el-28  avia-builder-el-no-sibling '  itemprop=\"image\" itemscope=\"itemscope\" itemtype=\"https:\/\/schema.org\/ImageObject\" ><div class=\"avia-image-container-inner\"><div class=\"avia-image-overlay-wrap\"><img decoding=\"async\" class='wp-image-4310 avia-img-lazy-loading-not-4310 avia_image' src=\"https:\/\/kontor-muenchen.com\/wp-content\/uploads\/2025\/01\/20250125-Joachim-Business-oRa-230x300.jpg\" alt='' title='20250125 Joachim Business oRa'  height=\"300\" width=\"230\"  itemprop=\"thumbnailUrl\" srcset=\"https:\/\/kontor-muenchen.com\/wp-content\/uploads\/2025\/01\/20250125-Joachim-Business-oRa-230x300.jpg 230w, https:\/\/kontor-muenchen.com\/wp-content\/uploads\/2025\/01\/20250125-Joachim-Business-oRa-791x1030.jpg 791w, https:\/\/kontor-muenchen.com\/wp-content\/uploads\/2025\/01\/20250125-Joachim-Business-oRa-768x1000.jpg 768w, https:\/\/kontor-muenchen.com\/wp-content\/uploads\/2025\/01\/20250125-Joachim-Business-oRa-1180x1536.jpg 1180w, https:\/\/kontor-muenchen.com\/wp-content\/uploads\/2025\/01\/20250125-Joachim-Business-oRa-1573x2048.jpg 1573w, https:\/\/kontor-muenchen.com\/wp-content\/uploads\/2025\/01\/20250125-Joachim-Business-oRa-1152x1500.jpg 1152w, https:\/\/kontor-muenchen.com\/wp-content\/uploads\/2025\/01\/20250125-Joachim-Business-oRa-542x705.jpg 542w, https:\/\/kontor-muenchen.com\/wp-content\/uploads\/2025\/01\/20250125-Joachim-Business-oRa-scaled.jpg 1967w\" sizes=\"(max-width: 230px) 100vw, 230px\" \/><\/div><\/div><\/div><\/div><div class='flex_column av-8huotq-5a4c351c8b7b590d4583ec94f5a5a094 av_three_fifth  avia-builder-el-29  el_after_av_two_fifth  avia-builder-el-last  flex_column_div '   ><p>\n<style type=\"text\/css\" data-created_by=\"avia_inline_auto\" id=\"style-css-av-jozz74y0-328cd6ee784ba2a12fe56a6c27df2305\">\n.av_font_icon.av-jozz74y0-328cd6ee784ba2a12fe56a6c27df2305 .av-icon-char{\nfont-size:40px;\nline-height:40px;\n}\n<\/style>\n<span  class='av_font_icon av-jozz74y0-328cd6ee784ba2a12fe56a6c27df2305 avia_animate_when_visible av-icon-style- avia-icon-pos-left av-no-color avia-icon-animate'><span class='av-icon-char' aria-hidden='true' data-av_icon='\ue833' data-av_iconfont='entypo-fontello' data-avia-icon-tooltip=\"&lt;br \/&gt;\nGracias a nuestra dilatada experiencia en el sector de la hosteler\u00eda y la construcci\u00f3n de hoteles, nos aseguramos de que el desarrollo de nuestros proyectos sea eficiente y optimice los costes. Para ello, garantizamos la rentabilidad, el compromiso con los costes globales, el cumplimiento de los plazos y la calidad.&lt;br \/&gt;\n\"><\/span><\/span><br \/>\n<div  class='avia-testimonial-wrapper av-jozz54gu-de9ef3ef368ec2515a57451ffb680023 avia-grid-testimonials avia-grid-1-testimonials avia_animate_when_almost_visible'  data-autoplay='1'  data-interval='5'  data-animation='fade'  data-hoverpause='1' >\n<section class=\"avia-testimonial-row\"><div class='avia-testimonial av-lp1aazk4-8cdd24d52cc40833f3db5886ebebe51a avia-testimonial-row-1 avia-first-testimonial flex_column no_margin av_one_full'><div class='avia-testimonial_inner'  itemscope=\"itemscope\" itemtype=\"https:\/\/schema.org\/CreativeWork\" ><div class='avia-testimonial-content '><div class='avia-testimonial-markup-entry-content'  itemprop=\"text\" ><p>Con muchos a\u00f1os de experiencia en hoteler\u00eda y construcci\u00f3n de propiedades hoteleras, garantizamos un desarrollo de proyectos altamente eficiente y con costes optimizados. Garantizamos rentabilidad, costes totales vinculantes y cumplimiento de los plazos y la calidad acordados.<\/p>\n<\/div><\/div><div class=\"avia-testimonial-meta\"><div class=\"avia-testimonial-arrow-wrap\"><div class=\"avia-arrow\"><\/div><\/div><div class='avia-testimonial-meta-mini'  itemprop=\"author\" itemscope=\"itemscope\" itemtype=\"https:\/\/schema.org\/Person\" ><strong  class='avia-testimonial-name'  itemprop=\"name\" >Joachim Wiggers<\/strong><span  class='avia-testimonial-subtitle '  itemprop=\"jobTitle\" >(M.Eng.) \u2022 Director gerente<\/span><\/div><\/div><\/div><\/div><\/section>\n<\/div><\/p><\/div><\/div><\/div><\/div><!-- close content main div --><\/div><\/div><div id='after_section_7'  class='main_color av_default_container_wrap container_wrap sidebar_right'  ><div class='container av-section-cont-open' ><div class='template-page content  av-content-small alpha units'><div class='post-entry post-entry-type-page post-entry-4067'><div class='entry-content-wrapper clearfix'>\n","protected":false},"excerpt":{"rendered":"<p>JW Immobilien-Kontor est un prestataire de services ind\u00e9pendant, sp\u00e9cialiste de l\u2019\u00e9valuation, de la planification et du pilotage de projets immobiliers h\u00f4teliers.<\/p>\n","protected":false},"author":3,"featured_media":0,"parent":0,"menu_order":0,"comment_status":"closed","ping_status":"closed","template":"","meta":{"footnotes":""},"aioseo_notices":[],"_links":{"self":[{"href":"https:\/\/kontor-muenchen.com\/es\/wp-json\/wp\/v2\/pages\/4067"}],"collection":[{"href":"https:\/\/kontor-muenchen.com\/es\/wp-json\/wp\/v2\/pages"}],"about":[{"href":"https:\/\/kontor-muenchen.com\/es\/wp-json\/wp\/v2\/types\/page"}],"author":[{"embeddable":true,"href":"https:\/\/kontor-muenchen.com\/es\/wp-json\/wp\/v2\/users\/3"}],"replies":[{"embeddable":true,"href":"https:\/\/kontor-muenchen.com\/es\/wp-json\/wp\/v2\/comments?post=4067"}],"version-history":[{"count":14,"href":"https:\/\/kontor-muenchen.com\/es\/wp-json\/wp\/v2\/pages\/4067\/revisions"}],"predecessor-version":[{"id":4316,"href":"https:\/\/kontor-muenchen.com\/es\/wp-json\/wp\/v2\/pages\/4067\/revisions\/4316"}],"wp:attachment":[{"href":"https:\/\/kontor-muenchen.com\/es\/wp-json\/wp\/v2\/media?parent=4067"}],"curies":[{"name":"wp","href":"https:\/\/api.w.org\/{rel}","templated":true}]}}