{"id":3421,"date":"2018-11-29T15:34:45","date_gmt":"2018-11-29T14:34:45","guid":{"rendered":"https:\/\/kontor-muenchen.com\/jw-immobilien-kontor-munich\/"},"modified":"2025-01-25T18:30:30","modified_gmt":"2025-01-25T17:30:30","slug":"jw-immobilien-kontor-munich","status":"publish","type":"page","link":"https:\/\/kontor-muenchen.com\/fr\/","title":{"rendered":"JW Immobilien Kontor Munich"},"content":{"rendered":"\n<style type=\"text\/css\" data-created_by=\"avia_inline_auto\" id=\"style-css-av-jozyy4v3-f8fbc78f1384fcc2672edf8a124132b0\">\n.avia-section.av-jozyy4v3-f8fbc78f1384fcc2672edf8a124132b0{\nbackground-repeat:no-repeat;\nbackground-image:url(https:\/\/kontor-muenchen.com\/wp-content\/uploads\/2018\/11\/hotel-plan.jpg);\nbackground-position:50% 0%;\nbackground-attachment:scroll;\n}\n<\/style>\n<div id='av_section_1'  class='avia-section av-jozyy4v3-f8fbc78f1384fcc2672edf8a124132b0 main_color avia-section-default avia-no-border-styling  avia-builder-el-0  el_before_av_section  avia-builder-el-first  avia-full-stretch avia-bg-style-scroll av-minimum-height av-minimum-height-50  container_wrap sidebar_right'  data-section-bg-repeat='stretch' data-av_minimum_height_pc='50'><div class='container av-section-cont-open' ><main  role=\"main\" itemprop=\"mainContentOfPage\"  class='template-page content  av-content-small alpha units'><div class='post-entry post-entry-type-page post-entry-3421'><div class='entry-content-wrapper clearfix'>\n<\/div><\/div><\/main><!-- close content main element --><\/div><\/div><div id='av_section_2'  class='avia-section av-8nd87a-5874d96cdf73628789382872b78591b2 alternate_color avia-section-large avia-shadow  avia-builder-el-1  el_after_av_section  el_before_av_section  avia-bg-style-scroll container_wrap sidebar_right'  ><div class='container av-section-cont-open' ><div class='template-page content  av-content-small alpha units'><div class='post-entry post-entry-type-page post-entry-3421'><div class='entry-content-wrapper clearfix'>\n<div class='flex_column av-8huotq-cd79fce2f5cb40d63ba16ce6a6be8fea av_two_fifth  avia-builder-el-2  el_before_av_three_fifth  avia-builder-el-first  first flex_column_div '   ><p>\n<style type=\"text\/css\" data-created_by=\"avia_inline_auto\" id=\"style-css-av-mwy3i-5f8d9b84dd4d36929fd7e63210be3e79\">\n#top .av-special-heading.av-mwy3i-5f8d9b84dd4d36929fd7e63210be3e79{\nmargin:10px 0 0 0;\npadding-bottom:10px;\n}\nbody .av-special-heading.av-mwy3i-5f8d9b84dd4d36929fd7e63210be3e79 .av-special-heading-tag .heading-char{\nfont-size:25px;\n}\n.av-special-heading.av-mwy3i-5f8d9b84dd4d36929fd7e63210be3e79 .av-subheading{\nfont-size:15px;\n}\n<\/style>\n<div  class='av-special-heading av-mwy3i-5f8d9b84dd4d36929fd7e63210be3e79 av-special-heading-h4 blockquote modern-quote  avia-builder-el-3  el_before_av_hr  avia-builder-el-first '><h4 class='av-special-heading-tag'  itemprop=\"headline\"  >A propos de nous<\/h4><div class=\"special-heading-border\"><div class=\"special-heading-inner-border\"><\/div><\/div><\/div><br \/>\n\n<style type=\"text\/css\" data-created_by=\"avia_inline_auto\" id=\"style-css-av-jozwj5x2-d74515a73d02612372c88c2d1a7b0171\">\n#top .hr.av-jozwj5x2-d74515a73d02612372c88c2d1a7b0171{\nmargin-top:0px;\nmargin-bottom:30px;\n}\n.hr.av-jozwj5x2-d74515a73d02612372c88c2d1a7b0171 .hr-inner{\nwidth:30px;\nborder-color:#333333;\n}\n<\/style>\n<div  class='hr av-jozwj5x2-d74515a73d02612372c88c2d1a7b0171 hr-custom  avia-builder-el-4  el_after_av_heading  avia-builder-el-last  hr-left hr-icon-no'><span class='hr-inner inner-border-av-border-thin'><span class=\"hr-inner-style\"><\/span><\/span><\/div><\/p><\/div>\n<style type=\"text\/css\" data-created_by=\"avia_inline_auto\" id=\"style-css-av-8huotq-205ba7985a05494727be0059d4a0d2c1\">\n.flex_column.av-8huotq-205ba7985a05494727be0059d4a0d2c1{\nborder-radius:0px 0px 0px 0px;\n-webkit-border-radius:0px 0px 0px 0px;\n-moz-border-radius:0px 0px 0px 0px;\n}\n<\/style>\n<div class='flex_column av-8huotq-205ba7985a05494727be0059d4a0d2c1 av_three_fifth  avia-builder-el-5  el_after_av_two_fifth  avia-builder-el-last  flex_column_div av-zero-column-padding '   ><section  class='av_textblock_section av-jozx2vvm-584402623537838d0192d8449c179c71'  itemscope=\"itemscope\" itemtype=\"https:\/\/schema.org\/CreativeWork\" ><div class='avia_textblock'  itemprop=\"text\" ><p>JW Immobilien-Kontor est un prestataire de services ind\u00e9pendant, sp\u00e9cialiste de l\u2019\u00e9valuation, de la planification et du pilotage de projets immobiliers h\u00f4teliers. Nous disposons d\u2019une large exp\u00e9rience en ce qui concerne la repr\u00e9sentation de ma\u00eetres d\u2019ouvrages priv\u00e9s et institutionnels et nous nous appuyons sur 30 ann\u00e9es de projets internationaux men\u00e9s avec succ\u00e8s.<\/p>\n<\/div><\/section><\/div>\n\n<\/div><\/div><\/div><!-- close content main div --><\/div><\/div>\n<style type=\"text\/css\" data-created_by=\"avia_inline_auto\" id=\"style-css-av-8nd87a-e52a801996ad6e2aa0f83c6bee96b264\">\n.avia-section.av-8nd87a-e52a801996ad6e2aa0f83c6bee96b264{\nbackground-color:#efefef;\n}\n<\/style>\n<div id='av_section_3'  class='avia-section av-8nd87a-e52a801996ad6e2aa0f83c6bee96b264 alternate_color avia-section-large avia-no-border-styling  avia-builder-el-7  el_after_av_section  el_before_av_section  avia-bg-style-scroll container_wrap sidebar_right'  ><div class='container av-section-cont-open' ><div class='template-page content  av-content-small alpha units'><div class='post-entry post-entry-type-page post-entry-3421'><div class='entry-content-wrapper clearfix'>\n<div class='flex_column av-8huotq-cd79fce2f5cb40d63ba16ce6a6be8fea av_two_fifth  avia-builder-el-8  el_before_av_three_fifth  avia-builder-el-first  first flex_column_div '   ><p>\n<style type=\"text\/css\" data-created_by=\"avia_inline_auto\" id=\"style-css-av-8p132-454859f6d4ecb301657daf11a7ea9a37\">\n#top .av-special-heading.av-8p132-454859f6d4ecb301657daf11a7ea9a37{\nmargin:10px 0 0 0;\npadding-bottom:10px;\n}\nbody .av-special-heading.av-8p132-454859f6d4ecb301657daf11a7ea9a37 .av-special-heading-tag .heading-char{\nfont-size:25px;\n}\n.av-special-heading.av-8p132-454859f6d4ecb301657daf11a7ea9a37 .av-subheading{\nfont-size:15px;\n}\n<\/style>\n<div  class='av-special-heading av-8p132-454859f6d4ecb301657daf11a7ea9a37 av-special-heading-h4 blockquote modern-quote  avia-builder-el-9  el_before_av_hr  avia-builder-el-first '><h4 class='av-special-heading-tag'  itemprop=\"headline\"  >Comp\u00e9tences<\/h4><div class=\"special-heading-border\"><div class=\"special-heading-inner-border\"><\/div><\/div><\/div><br \/>\n\n<style type=\"text\/css\" data-created_by=\"avia_inline_auto\" id=\"style-css-av-jozwj5x2-d74515a73d02612372c88c2d1a7b0171\">\n#top .hr.av-jozwj5x2-d74515a73d02612372c88c2d1a7b0171{\nmargin-top:0px;\nmargin-bottom:30px;\n}\n.hr.av-jozwj5x2-d74515a73d02612372c88c2d1a7b0171 .hr-inner{\nwidth:30px;\nborder-color:#333333;\n}\n<\/style>\n<div  class='hr av-jozwj5x2-d74515a73d02612372c88c2d1a7b0171 hr-custom  avia-builder-el-10  el_after_av_heading  avia-builder-el-last  hr-left hr-icon-no'><span class='hr-inner inner-border-av-border-thin'><span class=\"hr-inner-style\"><\/span><\/span><\/div><\/p><\/div><div class='flex_column av-8huotq-5a4c351c8b7b590d4583ec94f5a5a094 av_three_fifth  avia-builder-el-11  el_after_av_two_fifth  avia-builder-el-last  flex_column_div '   ><section  class='av_textblock_section av-jozx2vvm-584402623537838d0192d8449c179c71'  itemscope=\"itemscope\" itemtype=\"https:\/\/schema.org\/CreativeWork\" ><div class='avia_textblock'  itemprop=\"text\" ><p>Services sp\u00e9cialis\u00e9s en conseil de complexes h\u00f4teliers et de Resorts<\/p>\n<ul>\n<li>Evaluation<\/li>\n<li>Planification<\/li>\n<li>D\u00e9veloppement et pilotage de projets<\/li>\n<li>R\u00e9alisation de la construction<\/li>\n<\/ul>\n<p>Comp\u00e9tence et exp\u00e9rience<\/p>\n<ul>\n<li>Expertise en mati\u00e8re de planification, d\u2019ing\u00e9nierie du b\u00e2timent et de gestion d\u2019entreprise<\/li>\n<li>Connaissances sp\u00e9cialis\u00e9es dans le domaine de la construction durable et p\u00e9renne<\/li>\n<li>Longue exp\u00e9rience dans le secteur de l\u2019hospitalit\u00e9<\/li>\n<\/ul>\n<p>Prestations de services multilingues<\/p>\n<ul>\n<li>Fran\u00e7ais<\/li>\n<li>Anglais<\/li>\n<li>Allemand<\/li>\n<li>Espagnol<\/li>\n<\/ul>\n<\/div><\/section><\/div>\n\n<\/div><\/div><\/div><!-- close content main div --><\/div><\/div>\n<style type=\"text\/css\" data-created_by=\"avia_inline_auto\" id=\"style-css-av-8nd87a-c58c99869e08158c79ee0b929af9c870\">\n.avia-section.av-8nd87a-c58c99869e08158c79ee0b929af9c870{\nbackground-repeat:no-repeat;\nbackground-image:url(https:\/\/kontor-muenchen.com\/wp-content\/uploads\/2018\/11\/c3569ccffd7262e09a9f6a509972e651b82d28b7-lobby.jpeg);\nbackground-position:0% 0%;\nbackground-attachment:scroll;\n}\n<\/style>\n<div id='av_section_4'  class='avia-section av-8nd87a-c58c99869e08158c79ee0b929af9c870 alternate_color avia-section-large avia-no-border-styling  avia-builder-el-13  el_after_av_section  el_before_av_section  avia-full-stretch avia-bg-style-scroll av-minimum-height av-minimum-height-25  container_wrap sidebar_right'  data-section-bg-repeat='stretch' data-av_minimum_height_pc='25'><div class='container av-section-cont-open' ><div class='template-page content  av-content-small alpha units'><div class='post-entry post-entry-type-page post-entry-3421'><div class='entry-content-wrapper clearfix'>\n<\/div><\/div><\/div><!-- close content main div --><\/div><\/div>\n<style type=\"text\/css\" data-created_by=\"avia_inline_auto\" id=\"style-css-av-8nd87a-e52a801996ad6e2aa0f83c6bee96b264\">\n.avia-section.av-8nd87a-e52a801996ad6e2aa0f83c6bee96b264{\nbackground-color:#efefef;\n}\n<\/style>\n<div id='av_section_5'  class='avia-section av-8nd87a-e52a801996ad6e2aa0f83c6bee96b264 alternate_color avia-section-large avia-no-border-styling  avia-builder-el-14  el_after_av_section  el_before_av_section  avia-bg-style-scroll container_wrap sidebar_right'  ><div class='container av-section-cont-open' ><div class='template-page content  av-content-small alpha units'><div class='post-entry post-entry-type-page post-entry-3421'><div class='entry-content-wrapper clearfix'>\n<div class='flex_column av-8huotq-cd79fce2f5cb40d63ba16ce6a6be8fea av_two_fifth  avia-builder-el-15  el_before_av_three_fifth  avia-builder-el-first  first flex_column_div '   ><p>\n<style type=\"text\/css\" data-created_by=\"avia_inline_auto\" id=\"style-css-av-eiew6-eac121de7b27e76e2126d863571a701c\">\n#top .av-special-heading.av-eiew6-eac121de7b27e76e2126d863571a701c{\nmargin:10px 0px 0px 0px;\npadding-bottom:10px;\n}\nbody .av-special-heading.av-eiew6-eac121de7b27e76e2126d863571a701c .av-special-heading-tag .heading-char{\nfont-size:25px;\n}\n.av-special-heading.av-eiew6-eac121de7b27e76e2126d863571a701c .av-subheading{\nfont-size:15px;\n}\n<\/style>\n<div  class='av-special-heading av-eiew6-eac121de7b27e76e2126d863571a701c av-special-heading-h4 blockquote modern-quote  avia-builder-el-16  el_before_av_hr  avia-builder-el-first  av-linked-heading'><h4 class='av-special-heading-tag'  itemprop=\"headline\"  >Projets<\/h4><div class=\"special-heading-border\"><div class=\"special-heading-inner-border\"><\/div><\/div><\/div><br \/>\n\n<style type=\"text\/css\" data-created_by=\"avia_inline_auto\" id=\"style-css-av-jozwj5x2-d74515a73d02612372c88c2d1a7b0171\">\n#top .hr.av-jozwj5x2-d74515a73d02612372c88c2d1a7b0171{\nmargin-top:0px;\nmargin-bottom:30px;\n}\n.hr.av-jozwj5x2-d74515a73d02612372c88c2d1a7b0171 .hr-inner{\nwidth:30px;\nborder-color:#333333;\n}\n<\/style>\n<div  class='hr av-jozwj5x2-d74515a73d02612372c88c2d1a7b0171 hr-custom  avia-builder-el-17  el_after_av_heading  avia-builder-el-last  hr-left hr-icon-no'><span class='hr-inner inner-border-av-border-thin'><span class=\"hr-inner-style\"><\/span><\/span><\/div><\/p><\/div><div class='flex_column av-8huotq-5a4c351c8b7b590d4583ec94f5a5a094 av_three_fifth  avia-builder-el-18  el_after_av_two_fifth  avia-builder-el-last  flex_column_div '   ><section  class='av_textblock_section av-jozx2vvm-584402623537838d0192d8449c179c71'  itemscope=\"itemscope\" itemtype=\"https:\/\/schema.org\/CreativeWork\" ><div class='avia_textblock'  itemprop=\"text\" ><p>Depuis sa cr\u00e9ation en 2011, JW Immobilien-Kontor GmbH a r\u00e9alis\u00e9 aves succ\u00e8s pr\u00e8s de 100 projets en Europe.<\/p>\n<p>En particulier, la capacit\u00e9 existante de multilinguisme dans notre entreprise nous offre la possibilit\u00e9 d\u00b4op\u00e9rer avec succ\u00e8s dans l\u00b4environnement anglais, francais et espagnol en plus de la zone germanophone.<\/p>\n<\/div><\/section><\/div>\n\n<\/div><\/div><\/div><!-- close content main div --><\/div><\/div><div id='av_section_6'  class='avia-section av-8nd87a-5874d96cdf73628789382872b78591b2 alternate_color avia-section-large avia-shadow  avia-builder-el-20  el_after_av_section  el_before_av_section  avia-bg-style-scroll container_wrap sidebar_right'  ><div class='container av-section-cont-open' ><div class='template-page content  av-content-small alpha units'><div class='post-entry post-entry-type-page post-entry-3421'><div class='entry-content-wrapper clearfix'>\n<div class='flex_column av-8huotq-cd79fce2f5cb40d63ba16ce6a6be8fea av_two_fifth  avia-builder-el-21  el_before_av_three_fifth  avia-builder-el-first  first flex_column_div '   ><p>\n<style type=\"text\/css\" data-created_by=\"avia_inline_auto\" id=\"style-css-av-wvfq-22e7ea47b5b4a37fe08f1848e3f100b0\">\n#top .av-special-heading.av-wvfq-22e7ea47b5b4a37fe08f1848e3f100b0{\nmargin:10px 0px 0px 0px;\npadding-bottom:10px;\n}\nbody .av-special-heading.av-wvfq-22e7ea47b5b4a37fe08f1848e3f100b0 .av-special-heading-tag .heading-char{\nfont-size:25px;\n}\n.av-special-heading.av-wvfq-22e7ea47b5b4a37fe08f1848e3f100b0 .av-subheading{\nfont-size:15px;\n}\n<\/style>\n<div  class='av-special-heading av-wvfq-22e7ea47b5b4a37fe08f1848e3f100b0 av-special-heading-h4 blockquote modern-quote  avia-builder-el-22  el_before_av_hr  avia-builder-el-first '><h4 class='av-special-heading-tag'  itemprop=\"headline\"  >Equipe<\/h4><div class=\"special-heading-border\"><div class=\"special-heading-inner-border\"><\/div><\/div><\/div><br \/>\n\n<style type=\"text\/css\" data-created_by=\"avia_inline_auto\" id=\"style-css-av-jozwj5x2-d74515a73d02612372c88c2d1a7b0171\">\n#top .hr.av-jozwj5x2-d74515a73d02612372c88c2d1a7b0171{\nmargin-top:0px;\nmargin-bottom:30px;\n}\n.hr.av-jozwj5x2-d74515a73d02612372c88c2d1a7b0171 .hr-inner{\nwidth:30px;\nborder-color:#333333;\n}\n<\/style>\n<div  class='hr av-jozwj5x2-d74515a73d02612372c88c2d1a7b0171 hr-custom  avia-builder-el-23  el_after_av_heading  avia-builder-el-last  hr-left hr-icon-no'><span class='hr-inner inner-border-av-border-thin'><span class=\"hr-inner-style\"><\/span><\/span><\/div><\/p><\/div><div class='flex_column av-8huotq-5a4c351c8b7b590d4583ec94f5a5a094 av_three_fifth  avia-builder-el-24  el_after_av_two_fifth  avia-builder-el-last  flex_column_div '   ><section  class='av_textblock_section av-jozx2vvm-584402623537838d0192d8449c179c71'  itemscope=\"itemscope\" itemtype=\"https:\/\/schema.org\/CreativeWork\" ><div class='avia_textblock'  itemprop=\"text\" ><div class=\"grid_8\">\n<p>Notre \u00e9quipe se compose de chefs de projet exp\u00e9riment\u00e9s bas\u00e9s en Allemagne, en Suisse, en France et en Espagne. Nous disposons \u00e9galement d&rsquo;un vaste r\u00e9seau de sp\u00e9cialistes h\u00f4teliers du secteur de la construction et de la technique en Europe.<\/p>\n<\/div>\n<\/div><\/section><\/div>\n\n<\/div><\/div><\/div><!-- close content main div --><\/div><\/div>\n<style type=\"text\/css\" data-created_by=\"avia_inline_auto\" id=\"style-css-av-8nd87a-2d4e4afbd5b8e189fee4931224554ebd\">\n.avia-section.av-8nd87a-2d4e4afbd5b8e189fee4931224554ebd{\nbackground-color:#efefef;\n}\n<\/style>\n<div id='av_section_7'  class='avia-section av-8nd87a-2d4e4afbd5b8e189fee4931224554ebd alternate_color avia-section-large avia-no-shadow  avia-builder-el-26  el_after_av_section  avia-builder-el-last  avia-bg-style-scroll container_wrap sidebar_right'  ><div class='container av-section-cont-open' ><div class='template-page content  av-content-small alpha units'><div class='post-entry post-entry-type-page post-entry-3421'><div class='entry-content-wrapper clearfix'>\n<div class='flex_column av-8huotq-cd79fce2f5cb40d63ba16ce6a6be8fea av_two_fifth  avia-builder-el-27  el_before_av_three_fifth  avia-builder-el-first  first flex_column_div '   ><style type=\"text\/css\" data-created_by=\"avia_inline_auto\" id=\"style-css-av-jozz1z9w-31d8eb658b5ff41d766c937504e01e82\">\n.avia-image-container.av-jozz1z9w-31d8eb658b5ff41d766c937504e01e82 .av-image-caption-overlay-center{\ncolor:#ffffff;\n}\n<\/style>\n<div  class='avia-image-container av-jozz1z9w-31d8eb658b5ff41d766c937504e01e82 av-styling- avia-align-center  avia-builder-el-28  avia-builder-el-no-sibling '  itemprop=\"image\" itemscope=\"itemscope\" itemtype=\"https:\/\/schema.org\/ImageObject\" ><div class=\"avia-image-container-inner\"><div class=\"avia-image-overlay-wrap\"><img decoding=\"async\" class='wp-image-4309 avia-img-lazy-loading-not-4309 avia_image' src=\"https:\/\/kontor-muenchen.com\/wp-content\/uploads\/2025\/01\/20250125-Joachim-Business-oRa-230x300.jpg\" alt='' title='20250125 Joachim Business oRa'  height=\"300\" width=\"230\"  itemprop=\"thumbnailUrl\" srcset=\"https:\/\/kontor-muenchen.com\/wp-content\/uploads\/2025\/01\/20250125-Joachim-Business-oRa-230x300.jpg 230w, https:\/\/kontor-muenchen.com\/wp-content\/uploads\/2025\/01\/20250125-Joachim-Business-oRa-791x1030.jpg 791w, https:\/\/kontor-muenchen.com\/wp-content\/uploads\/2025\/01\/20250125-Joachim-Business-oRa-768x1000.jpg 768w, https:\/\/kontor-muenchen.com\/wp-content\/uploads\/2025\/01\/20250125-Joachim-Business-oRa-1180x1536.jpg 1180w, https:\/\/kontor-muenchen.com\/wp-content\/uploads\/2025\/01\/20250125-Joachim-Business-oRa-1573x2048.jpg 1573w, https:\/\/kontor-muenchen.com\/wp-content\/uploads\/2025\/01\/20250125-Joachim-Business-oRa-1152x1500.jpg 1152w, https:\/\/kontor-muenchen.com\/wp-content\/uploads\/2025\/01\/20250125-Joachim-Business-oRa-542x705.jpg 542w, https:\/\/kontor-muenchen.com\/wp-content\/uploads\/2025\/01\/20250125-Joachim-Business-oRa-scaled.jpg 1967w\" sizes=\"(max-width: 230px) 100vw, 230px\" \/><\/div><\/div><\/div><\/div><div class='flex_column av-8huotq-5a4c351c8b7b590d4583ec94f5a5a094 av_three_fifth  avia-builder-el-29  el_after_av_two_fifth  avia-builder-el-last  flex_column_div '   ><p>\n<style type=\"text\/css\" data-created_by=\"avia_inline_auto\" id=\"style-css-av-jozz74y0-f8f3bbf4822161fc703179b9a1762da4\">\n.av_font_icon.av-jozz74y0-f8f3bbf4822161fc703179b9a1762da4 .av-icon-char{\nfont-size:40px;\nline-height:40px;\n}\n<\/style>\n<span  class='av_font_icon av-jozz74y0-f8f3bbf4822161fc703179b9a1762da4 avia_animate_when_visible av-icon-style- avia-icon-pos-left av-no-color avia-icon-animate'><span class='av-icon-char' aria-hidden='true' data-av_icon='\ue833' data-av_iconfont='entypo-fontello' ><\/span><\/span><br \/>\n<div  class='avia-testimonial-wrapper av-jozz54gu-d28ecf3fd36e15a82f0eea3f9e566c08 avia-grid-testimonials avia-grid-1-testimonials avia_animate_when_almost_visible'  data-autoplay='1'  data-interval='5'  data-animation='fade'  data-hoverpause='1' >\n<section class=\"avia-testimonial-row\"><div class='avia-testimonial av-av_testimonial_single-801f13dd8352ef1c82624b4e9ecfd141 avia-testimonial-row-1 avia-first-testimonial flex_column no_margin av_one_full'><div class='avia-testimonial_inner'  itemscope=\"itemscope\" itemtype=\"https:\/\/schema.org\/CreativeWork\" ><div class='avia-testimonial-content '><div class='avia-testimonial-markup-entry-content'  itemprop=\"text\" ><p>Poss\u00e9dant une longue expertise en mati\u00e8re d\u2019hospitalit\u00e9 ainsi que de construction de complexes h\u00f4teliers, nous veillons, pour nos d\u00e9veloppements de projets, \u00e0 l\u2019efficacit\u00e9 et \u00e0 l\u2019optimisation des co\u00fbts. A ce titre, nous garantissons la rentabilit\u00e9, l\u2019engagement sur le co\u00fbt global, le respect des d\u00e9lais et la qualit\u00e9.<\/p>\n<\/div><\/div><div class=\"avia-testimonial-meta\"><div class=\"avia-testimonial-arrow-wrap\"><div class=\"avia-arrow\"><\/div><\/div><div class='avia-testimonial-meta-mini'  itemprop=\"author\" itemscope=\"itemscope\" itemtype=\"https:\/\/schema.org\/Person\" ><strong  class='avia-testimonial-name'  itemprop=\"name\" >Joachim Wiggers<\/strong><span  class='avia-testimonial-subtitle '  itemprop=\"jobTitle\" >(M.Eng.) \u2022 Pr\u00e9sident Directeur G\u00e9n\u00e9ral<\/span><\/div><\/div><\/div><\/div><\/section>\n<\/div><\/p><\/div><\/div><\/div><\/div><!-- close content main div --><\/div><\/div><div id='after_section_7'  class='main_color av_default_container_wrap container_wrap sidebar_right'  ><div class='container av-section-cont-open' ><div class='template-page content  av-content-small alpha units'><div class='post-entry post-entry-type-page post-entry-3421'><div class='entry-content-wrapper clearfix'>\n","protected":false},"excerpt":{"rendered":"<p>JW Immobilien-Kontor est un prestataire de services ind\u00e9pendant, sp\u00e9cialiste de l\u2019\u00e9valuation, de la planification et du pilotage de projets immobiliers h\u00f4teliers.<\/p>\n","protected":false},"author":1,"featured_media":0,"parent":0,"menu_order":0,"comment_status":"closed","ping_status":"closed","template":"","meta":{"footnotes":""},"aioseo_notices":[],"_links":{"self":[{"href":"https:\/\/kontor-muenchen.com\/fr\/wp-json\/wp\/v2\/pages\/3421"}],"collection":[{"href":"https:\/\/kontor-muenchen.com\/fr\/wp-json\/wp\/v2\/pages"}],"about":[{"href":"https:\/\/kontor-muenchen.com\/fr\/wp-json\/wp\/v2\/types\/page"}],"author":[{"embeddable":true,"href":"https:\/\/kontor-muenchen.com\/fr\/wp-json\/wp\/v2\/users\/1"}],"replies":[{"embeddable":true,"href":"https:\/\/kontor-muenchen.com\/fr\/wp-json\/wp\/v2\/comments?post=3421"}],"version-history":[{"count":9,"href":"https:\/\/kontor-muenchen.com\/fr\/wp-json\/wp\/v2\/pages\/3421\/revisions"}],"predecessor-version":[{"id":4314,"href":"https:\/\/kontor-muenchen.com\/fr\/wp-json\/wp\/v2\/pages\/3421\/revisions\/4314"}],"wp:attachment":[{"href":"https:\/\/kontor-muenchen.com\/fr\/wp-json\/wp\/v2\/media?parent=3421"}],"curies":[{"name":"wp","href":"https:\/\/api.w.org\/{rel}","templated":true}]}}