{"id":3647,"date":"2018-11-29T15:39:14","date_gmt":"2018-11-29T14:39:14","guid":{"rendered":"https:\/\/kontor-muenchen.com\/leistungen\/"},"modified":"2023-11-16T09:51:32","modified_gmt":"2023-11-16T08:51:32","slug":"leistungen","status":"publish","type":"page","link":"https:\/\/kontor-muenchen.com\/fr\/leistungen\/","title":{"rendered":"Prestations"},"content":{"rendered":"<div id='av_section_1'  class='avia-section av-8nd87a-5874d96cdf73628789382872b78591b2 alternate_color avia-section-large avia-shadow  avia-builder-el-0  el_before_av_section  avia-builder-el-first  avia-bg-style-scroll container_wrap sidebar_right'  ><div class='container av-section-cont-open' ><main  role=\"main\" itemprop=\"mainContentOfPage\"  class='template-page content  av-content-small alpha units'><div class='post-entry post-entry-type-page post-entry-3647'><div class='entry-content-wrapper clearfix'>\n<div class='flex_column av-8huotq-cd79fce2f5cb40d63ba16ce6a6be8fea av_two_fifth  avia-builder-el-1  el_before_av_three_fifth  avia-builder-el-first  first flex_column_div '   ><p>\n<style type=\"text\/css\" data-created_by=\"avia_inline_auto\" id=\"style-css-av-7qed45-44ae7b725a3e51caf2ce6ad7b4b3cdca\">\n#top .av-special-heading.av-7qed45-44ae7b725a3e51caf2ce6ad7b4b3cdca{\nmargin:10px 0 0 0;\npadding-bottom:10px;\n}\nbody .av-special-heading.av-7qed45-44ae7b725a3e51caf2ce6ad7b4b3cdca .av-special-heading-tag .heading-char{\nfont-size:25px;\n}\n.av-special-heading.av-7qed45-44ae7b725a3e51caf2ce6ad7b4b3cdca .av-subheading{\nfont-size:15px;\n}\n<\/style>\n<div  class='av-special-heading av-7qed45-44ae7b725a3e51caf2ce6ad7b4b3cdca av-special-heading-h4 blockquote modern-quote  avia-builder-el-2  el_before_av_hr  avia-builder-el-first '><h4 class='av-special-heading-tag'  itemprop=\"headline\"  >Le succ\u00e8s est planifiable<\/h4><div class=\"special-heading-border\"><div class=\"special-heading-inner-border\"><\/div><\/div><\/div><br \/>\n\n<style type=\"text\/css\" data-created_by=\"avia_inline_auto\" id=\"style-css-av-jozwj5x2-d74515a73d02612372c88c2d1a7b0171\">\n#top .hr.av-jozwj5x2-d74515a73d02612372c88c2d1a7b0171{\nmargin-top:0px;\nmargin-bottom:30px;\n}\n.hr.av-jozwj5x2-d74515a73d02612372c88c2d1a7b0171 .hr-inner{\nwidth:30px;\nborder-color:#333333;\n}\n<\/style>\n<div  class='hr av-jozwj5x2-d74515a73d02612372c88c2d1a7b0171 hr-custom  avia-builder-el-3  el_after_av_heading  avia-builder-el-last  hr-left hr-icon-no'><span class='hr-inner inner-border-av-border-thin'><span class=\"hr-inner-style\"><\/span><\/span><\/div><\/p><\/div>\n<style type=\"text\/css\" data-created_by=\"avia_inline_auto\" id=\"style-css-av-8huotq-205ba7985a05494727be0059d4a0d2c1\">\n.flex_column.av-8huotq-205ba7985a05494727be0059d4a0d2c1{\nborder-radius:0px 0px 0px 0px;\n-webkit-border-radius:0px 0px 0px 0px;\n-moz-border-radius:0px 0px 0px 0px;\n}\n<\/style>\n<div class='flex_column av-8huotq-205ba7985a05494727be0059d4a0d2c1 av_three_fifth  avia-builder-el-4  el_after_av_two_fifth  avia-builder-el-last  flex_column_div av-zero-column-padding '   ><section  class='av_textblock_section av-jozx2vvm-1d25349b4f6e03375d15fae4e1a426b8'  itemscope=\"itemscope\" itemtype=\"https:\/\/schema.org\/CreativeWork\" ><div class='avia_textblock'  itemprop=\"text\" ><div class=\"grid_8\">\n<p>C\u2019est en partant de cette id\u00e9e directrice que nous nous sommes sp\u00e9cialis\u00e9s dans la r\u00e9alisation de projets immobiliers h\u00f4teliers et de Resorts nationaux et internationaux. Nous disposons d\u2019une expertise unique en ce qui concerne l\u2019analyse, le d\u00e9veloppement et la r\u00e9alisation de projets.<\/p>\n<p>Nous sommes, jusqu\u2019\u00e0 la finalisation du projet, particuli\u00e8rement attach\u00e9s \u00e0 la gestion minutieuse, \u00e0 la pr\u00e9cision technique et au respect des engagements pris. Nous garantissons ainsi, lors de la planification et la r\u00e9alisation de projets immobiliers h\u00f4teliers, des r\u00e9sultats d\u2019excellente qualit\u00e9 et une grande satisfaction des clients.<\/p>\n<\/div>\n<\/div><\/section><\/div>\n\n<\/div><\/div><\/main><!-- close content main element --><\/div><\/div>\n<style type=\"text\/css\" data-created_by=\"avia_inline_auto\" id=\"style-css-av-8nd87a-9788cb689a535920d871f97230bfe284\">\n.avia-section.av-8nd87a-9788cb689a535920d871f97230bfe284{\nbackground-repeat:no-repeat;\nbackground-image:url(https:\/\/kontor-muenchen.com\/wp-content\/uploads\/2018\/12\/Projektanalyse_JWIK.jpeg);\nbackground-position:0% 0%;\nbackground-attachment:scroll;\n}\n<\/style>\n<div id='heading-1'  class='avia-section av-8nd87a-9788cb689a535920d871f97230bfe284 alternate_color avia-section-large avia-no-border-styling  avia-builder-el-6  el_after_av_section  el_before_av_section  avia-full-stretch avia-bg-style-scroll av-minimum-height av-minimum-height-custom  container_wrap sidebar_right'  data-section-bg-repeat='stretch'><div class='container av-section-cont-open' style='height:300px'><div class='template-page content  av-content-small alpha units'><div class='post-entry post-entry-type-page post-entry-3647'><div class='entry-content-wrapper clearfix'>\n\n<style type=\"text\/css\" data-created_by=\"avia_inline_auto\" id=\"style-css-av-5xlbx1-82b9a273e5ac53c3cced69fe680df6fe\">\n.flex_column.av-5xlbx1-82b9a273e5ac53c3cced69fe680df6fe{\nborder-radius:0px 0px 0px 0px;\n-webkit-border-radius:0px 0px 0px 0px;\n-moz-border-radius:0px 0px 0px 0px;\n}\n<\/style>\n<div class='flex_column av-5xlbx1-82b9a273e5ac53c3cced69fe680df6fe av_one_fifth  avia-builder-el-7  el_before_av_one_fifth  avia-builder-el-first  first flex_column_div av-zero-column-padding '   ><\/div>\n<style type=\"text\/css\" data-created_by=\"avia_inline_auto\" id=\"style-css-av-5xlbx1-fe0b335b0574a390dfa76217f6c283ec\">\n.flex_column.av-5xlbx1-fe0b335b0574a390dfa76217f6c283ec{\nborder-radius:0px 0px 0px 0px;\n-webkit-border-radius:0px 0px 0px 0px;\n-moz-border-radius:0px 0px 0px 0px;\n}\n<\/style>\n<div class='flex_column av-5xlbx1-fe0b335b0574a390dfa76217f6c283ec av_one_fifth  avia-builder-el-8  el_after_av_one_fifth  avia-builder-el-last  flex_column_div av-zero-column-padding '   ><\/div><\/div><\/div><\/div><!-- close content main div --><\/div><\/div>\n<style type=\"text\/css\" data-created_by=\"avia_inline_auto\" id=\"style-css-av-8nd87a-e52a801996ad6e2aa0f83c6bee96b264\">\n.avia-section.av-8nd87a-e52a801996ad6e2aa0f83c6bee96b264{\nbackground-color:#efefef;\n}\n<\/style>\n<div id='av_section_3'  class='avia-section av-8nd87a-e52a801996ad6e2aa0f83c6bee96b264 alternate_color avia-section-large avia-no-border-styling  avia-builder-el-9  el_after_av_section  el_before_av_section  avia-bg-style-scroll container_wrap sidebar_right'  ><div class='container av-section-cont-open' ><div class='template-page content  av-content-small alpha units'><div class='post-entry post-entry-type-page post-entry-3647'><div class='entry-content-wrapper clearfix'>\n<div class='flex_column av-8huotq-cd79fce2f5cb40d63ba16ce6a6be8fea av_two_fifth  avia-builder-el-10  el_before_av_three_fifth  avia-builder-el-first  first flex_column_div '   ><p>\n<style type=\"text\/css\" data-created_by=\"avia_inline_auto\" id=\"style-css-av-5ecdxh-6af55bf483389d56faf50b2bf79e83d6\">\n#top .av-special-heading.av-5ecdxh-6af55bf483389d56faf50b2bf79e83d6{\nmargin:10px 0 0 0;\npadding-bottom:10px;\n}\nbody .av-special-heading.av-5ecdxh-6af55bf483389d56faf50b2bf79e83d6 .av-special-heading-tag .heading-char{\nfont-size:25px;\n}\n.av-special-heading.av-5ecdxh-6af55bf483389d56faf50b2bf79e83d6 .av-subheading{\nfont-size:15px;\n}\n<\/style>\n<div  class='av-special-heading av-5ecdxh-6af55bf483389d56faf50b2bf79e83d6 av-special-heading-h5 blockquote modern-quote  avia-builder-el-11  el_before_av_hr  avia-builder-el-first '><h5 class='av-special-heading-tag'  itemprop=\"headline\"  >Analyse de projets<\/h5><div class=\"special-heading-border\"><div class=\"special-heading-inner-border\"><\/div><\/div><\/div><br \/>\n\n<style type=\"text\/css\" data-created_by=\"avia_inline_auto\" id=\"style-css-av-jozwj5x2-d74515a73d02612372c88c2d1a7b0171\">\n#top .hr.av-jozwj5x2-d74515a73d02612372c88c2d1a7b0171{\nmargin-top:0px;\nmargin-bottom:30px;\n}\n.hr.av-jozwj5x2-d74515a73d02612372c88c2d1a7b0171 .hr-inner{\nwidth:30px;\nborder-color:#333333;\n}\n<\/style>\n<div  class='hr av-jozwj5x2-d74515a73d02612372c88c2d1a7b0171 hr-custom  avia-builder-el-12  el_after_av_heading  avia-builder-el-last  hr-left hr-icon-no'><span class='hr-inner inner-border-av-border-thin'><span class=\"hr-inner-style\"><\/span><\/span><\/div><\/p><\/div><div class='flex_column av-8huotq-5a4c351c8b7b590d4583ec94f5a5a094 av_three_fifth  avia-builder-el-13  el_after_av_two_fifth  avia-builder-el-last  flex_column_div '   ><section  class='av_textblock_section av-jozx2vvm-1d25349b4f6e03375d15fae4e1a426b8'  itemscope=\"itemscope\" itemtype=\"https:\/\/schema.org\/CreativeWork\" ><div class='avia_textblock'  itemprop=\"text\" ><div class=\"grid_8\">\n<p>Analyse d\u00e9taill\u00e9e des conditions g\u00e9n\u00e9rales et \u00e9valuation transparente de la faisabilit\u00e9 du projet h\u00f4telier.<\/p>\n<ul>\n<li>Am\u00e9nagement des surfaces et \u00e9tablissement d\u2019un premier plan de zonage<\/li>\n<li>Descriptif de la construction<\/li>\n<li>Estimation des co\u00fbts<\/li>\n<li>Planification du processus de construction<\/li>\n<li>Conduite des n\u00e9gociations (autorit\u00e9s administratives, investisseurs, entreprises de construction, exploitants h\u00f4teliers)<\/li>\n<\/ul>\n<\/div>\n<\/div><\/section><\/div>\n<\/p>\n<\/div><\/div><\/div><!-- close content main div --><\/div><\/div>\n<style type=\"text\/css\" data-created_by=\"avia_inline_auto\" id=\"style-css-av-8nd87a-a401086decfaad901576825d1134a239\">\n.avia-section.av-8nd87a-a401086decfaad901576825d1134a239{\nbackground-repeat:no-repeat;\nbackground-image:url(https:\/\/kontor-muenchen.com\/wp-content\/uploads\/2018\/12\/Projektentwicklung_JWIK.jpeg);\nbackground-position:0% 0%;\nbackground-attachment:scroll;\n}\n<\/style>\n<div id='heading-2'  class='avia-section av-8nd87a-a401086decfaad901576825d1134a239 alternate_color avia-section-large avia-no-border-styling  avia-builder-el-15  el_after_av_section  el_before_av_section  avia-full-stretch avia-bg-style-scroll av-minimum-height av-minimum-height-custom  container_wrap sidebar_right'  data-section-bg-repeat='stretch'><div class='container av-section-cont-open' style='height:300px'><div class='template-page content  av-content-small alpha units'><div class='post-entry post-entry-type-page post-entry-3647'><div class='entry-content-wrapper clearfix'>\n\n<style type=\"text\/css\" data-created_by=\"avia_inline_auto\" id=\"style-css-av-295ged-9cda3579b07035fc09226a0e79ab695d\">\n.flex_column.av-295ged-9cda3579b07035fc09226a0e79ab695d{\nborder-radius:0px 0px 0px 0px;\n-webkit-border-radius:0px 0px 0px 0px;\n-moz-border-radius:0px 0px 0px 0px;\n}\n<\/style>\n<div class='flex_column av-295ged-9cda3579b07035fc09226a0e79ab695d av_one_fifth  avia-builder-el-16  el_before_av_three_fifth  avia-builder-el-first  first flex_column_div av-zero-column-padding '   ><\/div>\n<style type=\"text\/css\" data-created_by=\"avia_inline_auto\" id=\"style-css-av-295ged-cfef87d7c78943b5c49da5c26164781c\">\n.flex_column.av-295ged-cfef87d7c78943b5c49da5c26164781c{\npadding:0 0 0px 0;\ntransform:scale(1.1);\n-webkit-transform:scale(1.1);\n-ms-transform:scale(1.1);\nz-index:5;\n}\n<\/style>\n<div class='flex_column av-295ged-cfef87d7c78943b5c49da5c26164781c av_three_fifth  avia-builder-el-17  el_after_av_one_fifth  el_before_av_one_fifth  flex_column_div '   ><\/div>\n<style type=\"text\/css\" data-created_by=\"avia_inline_auto\" id=\"style-css-av-295ged-3c5be7d9cf49714493cde9b33aaa4069\">\n.flex_column.av-295ged-3c5be7d9cf49714493cde9b33aaa4069{\nborder-radius:0px 0px 0px 0px;\n-webkit-border-radius:0px 0px 0px 0px;\n-moz-border-radius:0px 0px 0px 0px;\n}\n<\/style>\n<div class='flex_column av-295ged-3c5be7d9cf49714493cde9b33aaa4069 av_one_fifth  avia-builder-el-18  el_after_av_three_fifth  avia-builder-el-last  flex_column_div av-zero-column-padding '   ><\/div><\/div><\/div><\/div><!-- close content main div --><\/div><\/div>\n<style type=\"text\/css\" data-created_by=\"avia_inline_auto\" id=\"style-css-av-8nd87a-e52a801996ad6e2aa0f83c6bee96b264\">\n.avia-section.av-8nd87a-e52a801996ad6e2aa0f83c6bee96b264{\nbackground-color:#efefef;\n}\n<\/style>\n<div id='av_section_5'  class='avia-section av-8nd87a-e52a801996ad6e2aa0f83c6bee96b264 alternate_color avia-section-large avia-no-border-styling  avia-builder-el-19  el_after_av_section  el_before_av_section  avia-bg-style-scroll container_wrap sidebar_right'  ><div class='container av-section-cont-open' ><div class='template-page content  av-content-small alpha units'><div class='post-entry post-entry-type-page post-entry-3647'><div class='entry-content-wrapper clearfix'>\n<div class='flex_column av-8huotq-cd79fce2f5cb40d63ba16ce6a6be8fea av_two_fifth  avia-builder-el-20  el_before_av_three_fifth  avia-builder-el-first  first flex_column_div '   ><p>\n<style type=\"text\/css\" data-created_by=\"avia_inline_auto\" id=\"style-css-av-3ms5dx-6242d5cfbc3b9733ab03478b2760697c\">\n#top .av-special-heading.av-3ms5dx-6242d5cfbc3b9733ab03478b2760697c{\nmargin:10px 0px 0px 0px;\npadding-bottom:10px;\n}\nbody .av-special-heading.av-3ms5dx-6242d5cfbc3b9733ab03478b2760697c .av-special-heading-tag .heading-char{\nfont-size:25px;\n}\n.av-special-heading.av-3ms5dx-6242d5cfbc3b9733ab03478b2760697c .av-subheading{\nfont-size:15px;\n}\n<\/style>\n<div  class='av-special-heading av-3ms5dx-6242d5cfbc3b9733ab03478b2760697c av-special-heading-h5 blockquote modern-quote  avia-builder-el-21  el_before_av_hr  avia-builder-el-first '><h5 class='av-special-heading-tag'  itemprop=\"headline\"  >D\u00e9veloppement de projets<\/h5><div class=\"special-heading-border\"><div class=\"special-heading-inner-border\"><\/div><\/div><\/div><br \/>\n\n<style type=\"text\/css\" data-created_by=\"avia_inline_auto\" id=\"style-css-av-jozwj5x2-d74515a73d02612372c88c2d1a7b0171\">\n#top .hr.av-jozwj5x2-d74515a73d02612372c88c2d1a7b0171{\nmargin-top:0px;\nmargin-bottom:30px;\n}\n.hr.av-jozwj5x2-d74515a73d02612372c88c2d1a7b0171 .hr-inner{\nwidth:30px;\nborder-color:#333333;\n}\n<\/style>\n<div  class='hr av-jozwj5x2-d74515a73d02612372c88c2d1a7b0171 hr-custom  avia-builder-el-22  el_after_av_heading  avia-builder-el-last  hr-left hr-icon-no'><span class='hr-inner inner-border-av-border-thin'><span class=\"hr-inner-style\"><\/span><\/span><\/div><\/p><\/div><div class='flex_column av-8huotq-5a4c351c8b7b590d4583ec94f5a5a094 av_three_fifth  avia-builder-el-23  el_after_av_two_fifth  avia-builder-el-last  flex_column_div '   ><section  class='av_textblock_section av-jozx2vvm-1d25349b4f6e03375d15fae4e1a426b8'  itemscope=\"itemscope\" itemtype=\"https:\/\/schema.org\/CreativeWork\" ><div class='avia_textblock'  itemprop=\"text\" ><div class=\"grid_8\">\n<p>Optimisation des bases de planification et garantie de mise \u00e0 disposition des documents contractuels essentiels.<\/p>\n<ul>\n<li>Participation \u00e0 l\u2019\u00e9laboration de contrats (de bail)<\/li>\n<li>Am\u00e9lioration des pi\u00e8ces jointes des contrats de construction<\/li>\n<li>Optimisation de la planification<\/li>\n<li>Cr\u00e9ation de documents d\u2019appels d\u2019offres<\/li>\n<li>Calcul des co\u00fbts (budget d\u00e9taill\u00e9)<\/li>\n<\/ul>\n<\/div>\n<\/div><\/section><\/div>\n<\/p>\n<\/div><\/div><\/div><!-- close content main div --><\/div><\/div>\n<style type=\"text\/css\" data-created_by=\"avia_inline_auto\" id=\"style-css-av-8nd87a-aca20dab692518a2413fc14a3f167b86\">\n.avia-section.av-8nd87a-aca20dab692518a2413fc14a3f167b86{\nbackground-repeat:no-repeat;\nbackground-image:url(https:\/\/kontor-muenchen.com\/wp-content\/uploads\/2018\/12\/Projektumsetzung.jpeg);\nbackground-position:0% 0%;\nbackground-attachment:scroll;\n}\n<\/style>\n<div id='heading-3'  class='avia-section av-8nd87a-aca20dab692518a2413fc14a3f167b86 alternate_color avia-section-large avia-no-border-styling  avia-builder-el-25  el_after_av_section  el_before_av_section  avia-full-stretch avia-bg-style-scroll av-minimum-height av-minimum-height-custom  container_wrap sidebar_right'  data-section-bg-repeat='stretch'><div class='container av-section-cont-open' style='height:300px'><div class='template-page content  av-content-small alpha units'><div class='post-entry post-entry-type-page post-entry-3647'><div class='entry-content-wrapper clearfix'>\n\n<style type=\"text\/css\" data-created_by=\"avia_inline_auto\" id=\"style-css-av-295ged-9cda3579b07035fc09226a0e79ab695d\">\n.flex_column.av-295ged-9cda3579b07035fc09226a0e79ab695d{\nborder-radius:0px 0px 0px 0px;\n-webkit-border-radius:0px 0px 0px 0px;\n-moz-border-radius:0px 0px 0px 0px;\n}\n<\/style>\n<div class='flex_column av-295ged-9cda3579b07035fc09226a0e79ab695d av_one_fifth  avia-builder-el-26  el_before_av_three_fifth  avia-builder-el-first  first flex_column_div av-zero-column-padding '   ><\/div>\n<style type=\"text\/css\" data-created_by=\"avia_inline_auto\" id=\"style-css-av-295ged-cfef87d7c78943b5c49da5c26164781c\">\n.flex_column.av-295ged-cfef87d7c78943b5c49da5c26164781c{\npadding:0 0 0px 0;\ntransform:scale(1.1);\n-webkit-transform:scale(1.1);\n-ms-transform:scale(1.1);\nz-index:5;\n}\n<\/style>\n<div class='flex_column av-295ged-cfef87d7c78943b5c49da5c26164781c av_three_fifth  avia-builder-el-27  el_after_av_one_fifth  el_before_av_one_fifth  flex_column_div '   ><\/div>\n<style type=\"text\/css\" data-created_by=\"avia_inline_auto\" id=\"style-css-av-295ged-3c5be7d9cf49714493cde9b33aaa4069\">\n.flex_column.av-295ged-3c5be7d9cf49714493cde9b33aaa4069{\nborder-radius:0px 0px 0px 0px;\n-webkit-border-radius:0px 0px 0px 0px;\n-moz-border-radius:0px 0px 0px 0px;\n}\n<\/style>\n<div class='flex_column av-295ged-3c5be7d9cf49714493cde9b33aaa4069 av_one_fifth  avia-builder-el-28  el_after_av_three_fifth  avia-builder-el-last  flex_column_div av-zero-column-padding '   ><\/div><\/div><\/div><\/div><!-- close content main div --><\/div><\/div>\n<style type=\"text\/css\" data-created_by=\"avia_inline_auto\" id=\"style-css-av-8nd87a-e52a801996ad6e2aa0f83c6bee96b264\">\n.avia-section.av-8nd87a-e52a801996ad6e2aa0f83c6bee96b264{\nbackground-color:#efefef;\n}\n<\/style>\n<div id='av_section_7'  class='avia-section av-8nd87a-e52a801996ad6e2aa0f83c6bee96b264 alternate_color avia-section-large avia-no-border-styling  avia-builder-el-29  el_after_av_section  el_before_av_section  avia-bg-style-scroll container_wrap sidebar_right'  ><div class='container av-section-cont-open' ><div class='template-page content  av-content-small alpha units'><div class='post-entry post-entry-type-page post-entry-3647'><div class='entry-content-wrapper clearfix'>\n<div class='flex_column av-8huotq-cd79fce2f5cb40d63ba16ce6a6be8fea av_two_fifth  avia-builder-el-30  el_before_av_three_fifth  avia-builder-el-first  first flex_column_div '   ><p>\n<style type=\"text\/css\" data-created_by=\"avia_inline_auto\" id=\"style-css-av-2zstfp-18be6dc9bfef7655929643eb105f08d7\">\n#top .av-special-heading.av-2zstfp-18be6dc9bfef7655929643eb105f08d7{\nmargin:10px 0px 0px 0px;\npadding-bottom:10px;\n}\nbody .av-special-heading.av-2zstfp-18be6dc9bfef7655929643eb105f08d7 .av-special-heading-tag .heading-char{\nfont-size:25px;\n}\n.av-special-heading.av-2zstfp-18be6dc9bfef7655929643eb105f08d7 .av-subheading{\nfont-size:15px;\n}\n<\/style>\n<div  class='av-special-heading av-2zstfp-18be6dc9bfef7655929643eb105f08d7 av-special-heading-h5 blockquote modern-quote  avia-builder-el-31  el_before_av_hr  avia-builder-el-first '><h5 class='av-special-heading-tag'  itemprop=\"headline\"  >D\u00e9veloppement de projets<\/h5><div class=\"special-heading-border\"><div class=\"special-heading-inner-border\"><\/div><\/div><\/div><br \/>\n\n<style type=\"text\/css\" data-created_by=\"avia_inline_auto\" id=\"style-css-av-jozwj5x2-d74515a73d02612372c88c2d1a7b0171\">\n#top .hr.av-jozwj5x2-d74515a73d02612372c88c2d1a7b0171{\nmargin-top:0px;\nmargin-bottom:30px;\n}\n.hr.av-jozwj5x2-d74515a73d02612372c88c2d1a7b0171 .hr-inner{\nwidth:30px;\nborder-color:#333333;\n}\n<\/style>\n<div  class='hr av-jozwj5x2-d74515a73d02612372c88c2d1a7b0171 hr-custom  avia-builder-el-32  el_after_av_heading  avia-builder-el-last  hr-left hr-icon-no'><span class='hr-inner inner-border-av-border-thin'><span class=\"hr-inner-style\"><\/span><\/span><\/div><\/p><\/div><div class='flex_column av-8huotq-5a4c351c8b7b590d4583ec94f5a5a094 av_three_fifth  avia-builder-el-33  el_after_av_two_fifth  avia-builder-el-last  flex_column_div '   ><section  class='av_textblock_section av-jozx2vvm-1d25349b4f6e03375d15fae4e1a426b8'  itemscope=\"itemscope\" itemtype=\"https:\/\/schema.org\/CreativeWork\" ><div class='avia_textblock'  itemprop=\"text\" ><div class=\"grid_8\">\n<p>Garantie d\u2019une r\u00e9alisation de projet r\u00e9ussie.<\/p>\n<ul>\n<li>Aide lors de la passation de commande<\/li>\n<li>Contr\u00f4le des travaux de construction<\/li>\n<li>Contr\u00f4le qualit\u00e9 et contr\u00f4le des \u00e9ch\u00e9anciers<\/li>\n<li>Accompagnement de la r\u00e9ception des travaux<\/li>\n<li>Suivi des garanties<\/li>\n<\/ul>\n<\/div>\n<\/div><\/section><\/div>\n<\/p>\n<\/div><\/div><\/div><!-- close content main div --><\/div><\/div>\n<style type=\"text\/css\" data-created_by=\"avia_inline_auto\" id=\"style-css-av-8nd87a-f527505ffc9b9e021ed55884b1cdfca0\">\n.avia-section.av-8nd87a-f527505ffc9b9e021ed55884b1cdfca0{\nbackground-color:#444444;\n}\n<\/style>\n<div id='av_section_8'  class='avia-section av-8nd87a-f527505ffc9b9e021ed55884b1cdfca0 alternate_color avia-section-large avia-shadow  avia-builder-el-35  el_after_av_section  avia-builder-el-last  avia-bg-style-scroll container_wrap sidebar_right'  ><div class='container av-section-cont-open' ><div class='template-page content  av-content-small alpha units'><div class='post-entry post-entry-type-page post-entry-3647'><div class='entry-content-wrapper clearfix'>\n\n<style type=\"text\/css\" data-created_by=\"avia_inline_auto\" id=\"style-css-av-jp8s9nkn-5444d01201cc6db5d96c7f63f8d07fe0\">\n#top .av_textblock_section.av-jp8s9nkn-5444d01201cc6db5d96c7f63f8d07fe0 .avia_textblock{\ncolor:#ffffff;\n}\n<\/style>\n<section  class='av_textblock_section av-jp8s9nkn-5444d01201cc6db5d96c7f63f8d07fe0'  itemscope=\"itemscope\" itemtype=\"https:\/\/schema.org\/CreativeWork\" ><div class='avia_textblock av_inherit_color'  itemprop=\"text\" ><div class=\"grid_12\">\n<h5 style=\"text-align: center;\">Contactez-nous. Nous vous conseillons volontiers<\/h5>\n<\/div>\n<h5 style=\"text-align: center;\"><strong>\u00a0<\/strong><\/h5>\n<\/div><\/section>\n\n<style type=\"text\/css\" data-created_by=\"avia_inline_auto\" id=\"style-css-av-jp8sd3hd-814cd7772c1e1b9de4fa793e3b27dc7c\">\n#top .hr.hr-invisible.av-jp8sd3hd-814cd7772c1e1b9de4fa793e3b27dc7c{\nheight:35px;\n}\n<\/style>\n<div  class='hr av-jp8sd3hd-814cd7772c1e1b9de4fa793e3b27dc7c hr-invisible  avia-builder-el-37  el_after_av_textblock  el_before_av_button '><span class='hr-inner '><span class=\"hr-inner-style\"><\/span><\/span><\/div>\n<div  class='avia-button-wrap avia-button-center  avia-builder-el-38  el_after_av_hr  avia-builder-el-last ' >\n<style type=\"text\/css\" data-created_by=\"avia_inline_auto\" id=\"style-css-av-35jnf9-7651801d37a41c633dceedb8a44a8a45\">\n#top #wrap_all .avia-button.av-35jnf9-7651801d37a41c633dceedb8a44a8a45{\nbackground-color:#ffffff;\nborder-color:#ffffff;\ncolor:#444444;\ntransition:all 0.4s ease-in-out;\n-webkit-transition:all 0.4s ease-in-out;\n-moz-transition:all 0.4s ease-in-out;\n-ms-transition:all 0.4s ease-in-out;\n-o-transition:all 0.4s ease-in-out;\n}\n<\/style>\n<a href='\/?page_id=1167'  class='avia-button av-35jnf9-7651801d37a41c633dceedb8a44a8a45 avia-icon_select-no avia-size-large avia-position-center' ><span class='avia_iconbox_title' >Nous contacter<\/span><\/a><\/div>\n<\/div><\/div><\/div><!-- close content main div --><\/div><\/div><div id='after_section_8'  class='main_color av_default_container_wrap container_wrap sidebar_right'  ><div class='container av-section-cont-open' ><div class='template-page content  av-content-small alpha units'><div class='post-entry post-entry-type-page post-entry-3647'><div class='entry-content-wrapper clearfix'>\n","protected":false},"excerpt":{"rendered":"<p>C\u2019est en partant de cette id\u00e9e directrice que nous nous sommes sp\u00e9cialis\u00e9s dans la r\u00e9alisation de projets immobiliers h\u00f4teliers et de Resorts nationaux et internationaux. <\/p>\n","protected":false},"author":1,"featured_media":0,"parent":0,"menu_order":0,"comment_status":"closed","ping_status":"closed","template":"","meta":{"footnotes":""},"aioseo_notices":[],"_links":{"self":[{"href":"https:\/\/kontor-muenchen.com\/fr\/wp-json\/wp\/v2\/pages\/3647"}],"collection":[{"href":"https:\/\/kontor-muenchen.com\/fr\/wp-json\/wp\/v2\/pages"}],"about":[{"href":"https:\/\/kontor-muenchen.com\/fr\/wp-json\/wp\/v2\/types\/page"}],"author":[{"embeddable":true,"href":"https:\/\/kontor-muenchen.com\/fr\/wp-json\/wp\/v2\/users\/1"}],"replies":[{"embeddable":true,"href":"https:\/\/kontor-muenchen.com\/fr\/wp-json\/wp\/v2\/comments?post=3647"}],"version-history":[{"count":2,"href":"https:\/\/kontor-muenchen.com\/fr\/wp-json\/wp\/v2\/pages\/3647\/revisions"}],"predecessor-version":[{"id":4163,"href":"https:\/\/kontor-muenchen.com\/fr\/wp-json\/wp\/v2\/pages\/3647\/revisions\/4163"}],"wp:attachment":[{"href":"https:\/\/kontor-muenchen.com\/fr\/wp-json\/wp\/v2\/media?parent=3647"}],"curies":[{"name":"wp","href":"https:\/\/api.w.org\/{rel}","templated":true}]}}